{"id":23,"date":"2014-10-24T02:12:28","date_gmt":"2014-10-24T02:12:28","guid":{"rendered":"http:\/\/gadprpijili.gob.ec\/azuay2\/?page_id=23"},"modified":"2024-09-12T11:44:01","modified_gmt":"2024-09-12T15:44:01","slug":"contactenos","status":"publish","type":"page","link":"https:\/\/gadprpijili.gob.ec\/azuay2\/contactenos\/","title":{"rendered":"Cont\u00e1ctenos"},"content":{"rendered":"<div  class=\"lgc-column lgc-grid-parent lgc-grid-50 lgc-tablet-grid-50 lgc-mobile-grid-100 lgc-equal-heights \"><div  class=\"inside-grid-column\">\n<form method=\"post\" id=\"cntctfrm_contact_form\" class=\"cntctfrm_contact_form cntctfrm_one_column cntctfrm_ltr cntctfrm_width_default\" action=\"\/azuay2\/wp-json\/wp\/v2\/pages\/23#cntctfrm_contact_form\" enctype=\"multipart\/form-data\"><div id=\"cntctfrm_first_column\" class=\"cntctfrm_column\"><div class=\"cntctfrm_field_wrap cntctfrm_field_name_wrap\"namecontact><div class=\"cntctfrm_label cntctfrm_label_name\">\n\t\t\t\t\t\t\t\t\t<label for=\"cntctfrm_contact_name\">Nombre: <span class=\"required\">*<\/span><\/label><\/div><div class=\"cntctfrm_input cntctfrm_input_name\">\n\t\t\t\t\t\t\t\t\t<input namecontact class=\"text\" type=\"text\" size=\"40\" pattern=\"^([\\p{L}\\p{M}]{2,}(\\s)*(\\p{L}+\\p{M}*-*){1,})|([\\p{L}\\p{M}]{3,})\" title=\"Please enter only letters at least 3 characters, words seperated by spaces\" value=\"\" name=\"cntctfrm_contact_name\" id=\"cntctfrm_contact_name\" \/><\/div><\/div><div class=\"cntctfrm_field_wrap cntctfrm_field_email_wrap\"email><div class=\"cntctfrm_label cntctfrm_label_email\">\n\t\t\t\t\t\t\t\t\t<label for=\"cntctfrm_contact_email\">Direcci\u00f3n de correo electr\u00f3nico: <span class=\"required\">*<\/span><\/label>\n\t\t\t\t\t\t\t\t<\/div><div class=\"cntctfrm_input cntctfrm_input_email\">\n\t\t\t\t\t\t\t\t\t<input email class=\"text\" type=\"email\" size=\"40\" value=\"\" name=\"cntctfrm_contact_email\" id=\"cntctfrm_contact_email\" \/><\/div><\/div><div class=\"cntctfrm_field_wrap cntctfrm_field_subject_wrap\"subject><div class=\"cntctfrm_label cntctfrm_label_subject\">\n\t\t\t\t\t\t\t\t\t<label for=\"cntctfrm_contact_subject\">Asunto: <span class=\"required\">*<\/span><\/label>\n\t\t\t\t\t\t\t\t<\/div><div class=\"cntctfrm_input cntctfrm_input_subject\">\n\t\t\t\t\t\t\t\t<input subject pattern=\"^([\\p{M}\\p{L}]{1,}(\\s\\p{M}*\\p{L}+-*)*){3,}\" title=\"Please enter only letters at least 3 characters, words seperated by spaces\" class=\"text\" type=\"text\" size=\"40\" value=\"\" name=\"cntctfrm_contact_subject\" id=\"cntctfrm_contact_subject\" \/><\/div><\/div><div class=\"cntctfrm_field_wrap cntctfrm_field_message_wrap\"message><div class=\"cntctfrm_label cntctfrm_label_message\">\n\t\t\t\t\t\t\t\t<label for=\"cntctfrm_contact_message\">Mensaje: <span class=\"required\">*<\/span><\/label>\n\t\t\t\t\t\t\t<\/div><div class=\"cntctfrm_input cntctfrm_input_message\">\n\t\t\t\t\t\t\t\t<textarea message rows=\"5\" cols=\"30\"name=\"cntctfrm_contact_message\" id=\"cntctfrm_contact_message\"><\/textarea><\/div><\/div><div class=\"cntctfrm_field_wrap cntctfrm_field_captcha_wrap\"><div class=\"cntctfrm_label cntctfrm_label_captcha\">\n\t\t\t\t\t\t\t\t\t\t\t<label><\/label>\n\t\t\t\t\t\t\t\t\t\t<\/div><div class=\"cntctfrm_input cntctfrm_input_captcha\"><div class=\"gglcptch gglcptch_v2\"><div id=\"gglcptch_recaptcha_3421242428\" class=\"gglcptch_recaptcha\"><\/div>\n\t\t\t\t<noscript>\n\t\t\t\t\t<div style=\"width: 302px;\">\n\t\t\t\t\t\t<div style=\"width: 302px; height: 422px; position: relative;\">\n\t\t\t\t\t\t\t<div style=\"width: 302px; height: 422px; position: absolute;\">\n\t\t\t\t\t\t\t\t<iframe src=\"https:\/\/www.google.com\/recaptcha\/api\/fallback?k=6LcJZLQZAAAAAKsVRh19-VxFCxC0Qj4AscDy4iCn\" frameborder=\"0\" scrolling=\"no\" style=\"width: 302px; height:422px; border-style: none;\"><\/iframe>\n\t\t\t\t\t\t\t<\/div>\n\t\t\t\t\t\t<\/div>\n\t\t\t\t\t\t<div style=\"border-style: none; bottom: 12px; left: 25px; margin: 0px; padding: 0px; right: 25px; background: #f9f9f9; border: 1px solid #c1c1c1; border-radius: 3px; height: 60px; width: 300px;\">\n\t\t\t\t\t\t\t<input type=\"hidden\" id=\"g-recaptcha-response\" name=\"g-recaptcha-response\" class=\"g-recaptcha-response\" style=\"width: 250px !important; height: 40px !important; border: 1px solid #c1c1c1 !important; margin: 10px 25px !important; padding: 0px !important; resize: none !important;\"\/>\n\t\t\t\t\t\t<\/div>\n\t\t\t\t\t<\/div>\n\t\t\t\t<\/noscript><\/div><\/div><\/div><\/div><div class=\"clear\"><\/div><div class=\"cntctfrm_submit_wrap\"><div id=\"cntctfrm_submit_first_column\" class=\"cntctfrm_column\"><div class=\"cntctfrm_input cntctfrm_input_submit\"><input type=\"hidden\" value=\"send\" name=\"cntctfrm_contact_action\"\/>\n\t\t\t\t\t\t\t<input type=\"hidden\" value=\"default\" name=\"cntctfrm_language\"\/>\n\t\t\t\t\t\t\t<input type=\"hidden\" value=\"1\" name=\"cntctfrm_form_submited\"\/>\n\t\t\t\t\t\t\t<input type=\"hidden\" value=\"cntctfrm_options\" name=\"cntctfrm_options_name\"\/>\n\t\t\t\t\t\t\t<input type=\"submit\" value=\"Enviar\" class=\"cntctfrm_contact_submit\" \/>\n\t\t\t\t\t\t<\/div><\/div><div id=\"cntctfrm_submit_second_column\" class=\"cntctfrm_column\"><\/div><div class=\"clear\"><\/div>\n\t\t\t<\/div>\n\t\t\t<\/form>\n<\/div><\/div>\n<div  class=\"lgc-column lgc-grid-parent lgc-grid-50 lgc-tablet-grid-50 lgc-mobile-grid-100 lgc-equal-heights \"><div  class=\"inside-grid-column\">\n<p><img decoding=\"async\" class=\" wp-image-7072 aligncenter\" src=\"https:\/\/gadprpijili.gob.ec\/azuay2\/wp-content\/uploads\/2024\/09\/cropped-logoPijili.png\" alt=\"\" width=\"166\" height=\"168\" srcset=\"https:\/\/gadprpijili.gob.ec\/azuay2\/wp-content\/uploads\/2024\/09\/cropped-logoPijili.png 322w, https:\/\/gadprpijili.gob.ec\/azuay2\/wp-content\/uploads\/2024\/09\/cropped-logoPijili-102x103.png 102w\" sizes=\"(max-width: 166px) 100vw, 166px\" \/><\/p>\n<dl class=\"contact-address dl-horizontal\">\n<dd><strong>Direcci\u00f3n:<\/strong> Centro Parroquial \u2013 Sector la Playa<br \/>\n<strong>Tel\u00e9fono:<\/strong> 0939927855<br \/>\n<strong>Correo:<\/strong> <a href=\"mailto:gadparroquialelcarmendepijili@gmail.com\">gadparroquialelcarmendepijili@gmail.com<\/a><\/dd>\n<dd><strong>Web:<\/strong> www.gadprpijili.gob.ec<br \/>\nEl Carmen de Pijil\u00ed \u2013 C. Ponce Enr\u00edquez &#8211; Azuay &#8211; Ecuador<\/dd>\n<\/dl>\n<\/div><\/div>\n","protected":false},"excerpt":{"rendered":"Nombre: * Direcci\u00f3n de correo electr\u00f3nico: * Asunto: * Mensaje: * Direcci\u00f3n: Centro Parroquial \u2013 Sector la Playa Tel\u00e9fono: 0939927855 [...]","protected":false},"author":8,"featured_media":0,"parent":0,"menu_order":0,"comment_status":"closed","ping_status":"open","template":"","meta":{"site-sidebar-layout":"default","site-content-layout":"","ast-site-content-layout":"default","site-content-style":"default","site-sidebar-style":"default","ast-global-header-display":"","ast-banner-title-visibility":"","ast-main-header-display":"","ast-hfb-above-header-display":"","ast-hfb-below-header-display":"","ast-hfb-mobile-header-display":"","site-post-title":"","ast-breadcrumbs-content":"","ast-featured-img":"","footer-sml-layout":"","theme-transparent-header-meta":"default","adv-header-id-meta":"","stick-header-meta":"","header-above-stick-meta":"","header-main-stick-meta":"","header-below-stick-meta":"","astra-migrate-meta-layouts":"set","ast-page-background-enabled":"default","ast-page-background-meta":{"desktop":{"background-color":"var(--ast-global-color-4)","background-image":"","background-repeat":"repeat","background-position":"center center","background-size":"auto","background-attachment":"scroll","background-type":"","background-media":"","overlay-type":"","overlay-color":"","overlay-opacity":"","overlay-gradient":""},"tablet":{"background-color":"","background-image":"","background-repeat":"repeat","background-position":"center center","background-size":"auto","background-attachment":"scroll","background-type":"","background-media":"","overlay-type":"","overlay-color":"","overlay-opacity":"","overlay-gradient":""},"mobile":{"background-color":"","background-image":"","background-repeat":"repeat","background-position":"center center","background-size":"auto","background-attachment":"scroll","background-type":"","background-media":"","overlay-type":"","overlay-color":"","overlay-opacity":"","overlay-gradient":""}},"ast-content-background-meta":{"desktop":{"background-color":"var(--ast-global-color-5)","background-image":"","background-repeat":"repeat","background-position":"center center","background-size":"auto","background-attachment":"scroll","background-type":"","background-media":"","overlay-type":"","overlay-color":"","overlay-opacity":"","overlay-gradient":""},"tablet":{"background-color":"var(--ast-global-color-5)","background-image":"","background-repeat":"repeat","background-position":"center center","background-size":"auto","background-attachment":"scroll","background-type":"","background-media":"","overlay-type":"","overlay-color":"","overlay-opacity":"","overlay-gradient":""},"mobile":{"background-color":"var(--ast-global-color-5)","background-image":"","background-repeat":"repeat","background-position":"center center","background-size":"auto","background-attachment":"scroll","background-type":"","background-media":"","overlay-type":"","overlay-color":"","overlay-opacity":"","overlay-gradient":""}},"footnotes":""},"class_list":["post-23","page","type-page","status-publish","hentry"],"yoast_head":"<!-- This site is optimized with the Yoast SEO plugin v25.9 - https:\/\/yoast.com\/wordpress\/plugins\/seo\/ -->\n<title>Cont\u00e1ctenos -<\/title>\n<meta name=\"robots\" content=\"index, follow, max-snippet:-1, max-image-preview:large, max-video-preview:-1\" \/>\n<link rel=\"canonical\" href=\"https:\/\/gadprpijili.gob.ec\/azuay2\/contactenos\/\" \/>\n<meta property=\"og:locale\" content=\"es_ES\" \/>\n<meta property=\"og:type\" content=\"article\" \/>\n<meta property=\"og:title\" content=\"Cont\u00e1ctenos -\" \/>\n<meta property=\"og:url\" content=\"https:\/\/gadprpijili.gob.ec\/azuay2\/contactenos\/\" \/>\n<meta property=\"article:modified_time\" content=\"2024-09-12T15:44:01+00:00\" \/>\n<meta property=\"og:image\" content=\"https:\/\/gadprpijili.gob.ec\/azuay2\/wp-content\/uploads\/2024\/09\/cropped-logoPijili.png\" \/>\n<meta name=\"twitter:card\" content=\"summary_large_image\" \/>\n<meta name=\"twitter:label1\" content=\"Tiempo de lectura\" \/>\n\t<meta name=\"twitter:data1\" content=\"1 minuto\" \/>\n<script type=\"application\/ld+json\" class=\"yoast-schema-graph\">{\"@context\":\"https:\/\/schema.org\",\"@graph\":[{\"@type\":\"WebPage\",\"@id\":\"https:\/\/gadprpijili.gob.ec\/azuay2\/contactenos\/\",\"url\":\"https:\/\/gadprpijili.gob.ec\/azuay2\/contactenos\/\",\"name\":\"Cont\u00e1ctenos -\",\"isPartOf\":{\"@id\":\"https:\/\/gadprpijili.gob.ec\/azuay2\/#website\"},\"primaryImageOfPage\":{\"@id\":\"https:\/\/gadprpijili.gob.ec\/azuay2\/contactenos\/#primaryimage\"},\"image\":{\"@id\":\"https:\/\/gadprpijili.gob.ec\/azuay2\/contactenos\/#primaryimage\"},\"thumbnailUrl\":\"https:\/\/gadprpijili.gob.ec\/azuay2\/wp-content\/uploads\/2024\/09\/cropped-logoPijili.png\",\"datePublished\":\"2014-10-24T02:12:28+00:00\",\"dateModified\":\"2024-09-12T15:44:01+00:00\",\"breadcrumb\":{\"@id\":\"https:\/\/gadprpijili.gob.ec\/azuay2\/contactenos\/#breadcrumb\"},\"inLanguage\":\"es\",\"potentialAction\":[{\"@type\":\"ReadAction\",\"target\":[\"https:\/\/gadprpijili.gob.ec\/azuay2\/contactenos\/\"]}]},{\"@type\":\"ImageObject\",\"inLanguage\":\"es\",\"@id\":\"https:\/\/gadprpijili.gob.ec\/azuay2\/contactenos\/#primaryimage\",\"url\":\"https:\/\/gadprpijili.gob.ec\/azuay2\/wp-content\/uploads\/2024\/09\/cropped-logoPijili.png\",\"contentUrl\":\"https:\/\/gadprpijili.gob.ec\/azuay2\/wp-content\/uploads\/2024\/09\/cropped-logoPijili.png\",\"width\":322,\"height\":326},{\"@type\":\"BreadcrumbList\",\"@id\":\"https:\/\/gadprpijili.gob.ec\/azuay2\/contactenos\/#breadcrumb\",\"itemListElement\":[{\"@type\":\"ListItem\",\"position\":1,\"name\":\"Home\",\"item\":\"https:\/\/gadprpijili.gob.ec\/azuay2\/\"},{\"@type\":\"ListItem\",\"position\":2,\"name\":\"Cont\u00e1ctenos\"}]},{\"@type\":\"WebSite\",\"@id\":\"https:\/\/gadprpijili.gob.ec\/azuay2\/#website\",\"url\":\"https:\/\/gadprpijili.gob.ec\/azuay2\/\",\"name\":\"GAD Parroquial de Pijili\",\"description\":\"Sitio Oficial del GAD Parroquial de Pijili Azuay\",\"publisher\":{\"@id\":\"https:\/\/gadprpijili.gob.ec\/azuay2\/#organization\"},\"potentialAction\":[{\"@type\":\"SearchAction\",\"target\":{\"@type\":\"EntryPoint\",\"urlTemplate\":\"https:\/\/gadprpijili.gob.ec\/azuay2\/?s={search_term_string}\"},\"query-input\":{\"@type\":\"PropertyValueSpecification\",\"valueRequired\":true,\"valueName\":\"search_term_string\"}}],\"inLanguage\":\"es\"},{\"@type\":\"Organization\",\"@id\":\"https:\/\/gadprpijili.gob.ec\/azuay2\/#organization\",\"name\":\"GAD parroquial de Pijili\",\"url\":\"https:\/\/gadprpijili.gob.ec\/azuay2\/\",\"logo\":{\"@type\":\"ImageObject\",\"inLanguage\":\"es\",\"@id\":\"https:\/\/gadprpijili.gob.ec\/azuay2\/#\/schema\/logo\/image\/\",\"url\":\"https:\/\/gadprpijili.gob.ec\/azuay2\/wp-content\/uploads\/2020\/06\/logoFooter.png\",\"contentUrl\":\"https:\/\/gadprpijili.gob.ec\/azuay2\/wp-content\/uploads\/2020\/06\/logoFooter.png\",\"width\":200,\"height\":150,\"caption\":\"GAD parroquial de Pijili\"},\"image\":{\"@id\":\"https:\/\/gadprpijili.gob.ec\/azuay2\/#\/schema\/logo\/image\/\"}}]}<\/script>\n<!-- \/ Yoast SEO plugin. -->","yoast_head_json":{"title":"Cont\u00e1ctenos -","robots":{"index":"index","follow":"follow","max-snippet":"max-snippet:-1","max-image-preview":"max-image-preview:large","max-video-preview":"max-video-preview:-1"},"canonical":"https:\/\/gadprpijili.gob.ec\/azuay2\/contactenos\/","og_locale":"es_ES","og_type":"article","og_title":"Cont\u00e1ctenos -","og_url":"https:\/\/gadprpijili.gob.ec\/azuay2\/contactenos\/","article_modified_time":"2024-09-12T15:44:01+00:00","og_image":[{"url":"https:\/\/gadprpijili.gob.ec\/azuay2\/wp-content\/uploads\/2024\/09\/cropped-logoPijili.png","type":"","width":"","height":""}],"twitter_card":"summary_large_image","twitter_misc":{"Tiempo de lectura":"1 minuto"},"schema":{"@context":"https:\/\/schema.org","@graph":[{"@type":"WebPage","@id":"https:\/\/gadprpijili.gob.ec\/azuay2\/contactenos\/","url":"https:\/\/gadprpijili.gob.ec\/azuay2\/contactenos\/","name":"Cont\u00e1ctenos -","isPartOf":{"@id":"https:\/\/gadprpijili.gob.ec\/azuay2\/#website"},"primaryImageOfPage":{"@id":"https:\/\/gadprpijili.gob.ec\/azuay2\/contactenos\/#primaryimage"},"image":{"@id":"https:\/\/gadprpijili.gob.ec\/azuay2\/contactenos\/#primaryimage"},"thumbnailUrl":"https:\/\/gadprpijili.gob.ec\/azuay2\/wp-content\/uploads\/2024\/09\/cropped-logoPijili.png","datePublished":"2014-10-24T02:12:28+00:00","dateModified":"2024-09-12T15:44:01+00:00","breadcrumb":{"@id":"https:\/\/gadprpijili.gob.ec\/azuay2\/contactenos\/#breadcrumb"},"inLanguage":"es","potentialAction":[{"@type":"ReadAction","target":["https:\/\/gadprpijili.gob.ec\/azuay2\/contactenos\/"]}]},{"@type":"ImageObject","inLanguage":"es","@id":"https:\/\/gadprpijili.gob.ec\/azuay2\/contactenos\/#primaryimage","url":"https:\/\/gadprpijili.gob.ec\/azuay2\/wp-content\/uploads\/2024\/09\/cropped-logoPijili.png","contentUrl":"https:\/\/gadprpijili.gob.ec\/azuay2\/wp-content\/uploads\/2024\/09\/cropped-logoPijili.png","width":322,"height":326},{"@type":"BreadcrumbList","@id":"https:\/\/gadprpijili.gob.ec\/azuay2\/contactenos\/#breadcrumb","itemListElement":[{"@type":"ListItem","position":1,"name":"Home","item":"https:\/\/gadprpijili.gob.ec\/azuay2\/"},{"@type":"ListItem","position":2,"name":"Cont\u00e1ctenos"}]},{"@type":"WebSite","@id":"https:\/\/gadprpijili.gob.ec\/azuay2\/#website","url":"https:\/\/gadprpijili.gob.ec\/azuay2\/","name":"GAD Parroquial de Pijili","description":"Sitio Oficial del GAD Parroquial de Pijili Azuay","publisher":{"@id":"https:\/\/gadprpijili.gob.ec\/azuay2\/#organization"},"potentialAction":[{"@type":"SearchAction","target":{"@type":"EntryPoint","urlTemplate":"https:\/\/gadprpijili.gob.ec\/azuay2\/?s={search_term_string}"},"query-input":{"@type":"PropertyValueSpecification","valueRequired":true,"valueName":"search_term_string"}}],"inLanguage":"es"},{"@type":"Organization","@id":"https:\/\/gadprpijili.gob.ec\/azuay2\/#organization","name":"GAD parroquial de Pijili","url":"https:\/\/gadprpijili.gob.ec\/azuay2\/","logo":{"@type":"ImageObject","inLanguage":"es","@id":"https:\/\/gadprpijili.gob.ec\/azuay2\/#\/schema\/logo\/image\/","url":"https:\/\/gadprpijili.gob.ec\/azuay2\/wp-content\/uploads\/2020\/06\/logoFooter.png","contentUrl":"https:\/\/gadprpijili.gob.ec\/azuay2\/wp-content\/uploads\/2020\/06\/logoFooter.png","width":200,"height":150,"caption":"GAD parroquial de Pijili"},"image":{"@id":"https:\/\/gadprpijili.gob.ec\/azuay2\/#\/schema\/logo\/image\/"}}]}},"_links":{"self":[{"href":"https:\/\/gadprpijili.gob.ec\/azuay2\/wp-json\/wp\/v2\/pages\/23","targetHints":{"allow":["GET"]}}],"collection":[{"href":"https:\/\/gadprpijili.gob.ec\/azuay2\/wp-json\/wp\/v2\/pages"}],"about":[{"href":"https:\/\/gadprpijili.gob.ec\/azuay2\/wp-json\/wp\/v2\/types\/page"}],"author":[{"embeddable":true,"href":"https:\/\/gadprpijili.gob.ec\/azuay2\/wp-json\/wp\/v2\/users\/8"}],"replies":[{"embeddable":true,"href":"https:\/\/gadprpijili.gob.ec\/azuay2\/wp-json\/wp\/v2\/comments?post=23"}],"version-history":[{"count":18,"href":"https:\/\/gadprpijili.gob.ec\/azuay2\/wp-json\/wp\/v2\/pages\/23\/revisions"}],"predecessor-version":[{"id":7085,"href":"https:\/\/gadprpijili.gob.ec\/azuay2\/wp-json\/wp\/v2\/pages\/23\/revisions\/7085"}],"wp:attachment":[{"href":"https:\/\/gadprpijili.gob.ec\/azuay2\/wp-json\/wp\/v2\/media?parent=23"}],"curies":[{"name":"wp","href":"https:\/\/api.w.org\/{rel}","templated":true}]}}