{"id":2582,"date":"2020-01-19T21:01:53","date_gmt":"2020-01-20T01:01:53","guid":{"rendered":"http:\/\/gadprpijili.gob.ec\/azuay2\/?page_id=2582"},"modified":"2021-07-30T17:24:16","modified_gmt":"2021-07-30T21:24:16","slug":"rendicion-de-cuentas-2020","status":"publish","type":"page","link":"https:\/\/gadprpijili.gob.ec\/azuay2\/rendicion-de-cuentas-2020\/","title":{"rendered":"Rendici\u00f3n de Cuentas 2020"},"content":{"rendered":"<p>FASES<br \/>\n[vc_row][vc_column][vc_accordion collapsible=&#8221;&#8221; disable_keyboard=&#8221;&#8221;][vc_accordion_tab title=&#8221;FASES DE LA RENDICION DE CUENTAS&#8221;][vc_wp_text]\n[\/vc_wp_text][\/vc_accordion_tab][vc_accordion_tab title=&#8221;Fase 1&#8243;][vc_wp_text]\n<h3>FASE 1: Planificaci\u00f3n y facilitaci\u00f3n del proceso desde la asamblea local<\/h3>\n<ul>\n<li>\n<h3>Mapeo de actores<\/h3>\n<\/li>\n<\/ul>\n<iframe src=\"\/\/docs.google.com\/viewer?url=https%3A%2F%2Fgadprpijili.gob.ec%2Fazuay2%2Fwp-content%2Fuploads%2F2021%2F07%2Fmapeo-de-actores.pdf&hl=es&embedded=true\" class=\"gde-frame\" style=\"width:100%; height:500px; border: none;\" scrolling=\"no\"><\/iframe>\n<p class=\"gde-text\"><a href=\"https:\/\/gadprpijili.gob.ec\/azuay2\/wp-content\/uploads\/2021\/07\/mapeo-de-actores.pdf\" class=\"gde-link\">Descargar (PDF, 136KB)<\/a><\/p>\n<ul>\n<li>\n<h3>Equipo Mixto de rendici\u00f3n de cuentas<\/h3>\n<\/li>\n<\/ul>\n<iframe src=\"\/\/docs.google.com\/viewer?url=https%3A%2F%2Fgadprpijili.gob.ec%2Fazuay2%2Fwp-content%2Fuploads%2F2021%2F07%2Fequipo-mixto.pdf&hl=es&embedded=true\" class=\"gde-frame\" style=\"width:100%; height:500px; border: none;\" scrolling=\"no\"><\/iframe>\n<p class=\"gde-text\"><a href=\"https:\/\/gadprpijili.gob.ec\/azuay2\/wp-content\/uploads\/2021\/07\/equipo-mixto.pdf\" class=\"gde-link\">Descargar (PDF, 124KB)<\/a><\/p>\n<ul>\n<li>\n<h3>Consulta<\/h3>\n<\/li>\n<\/ul>\n<iframe src=\"\/\/docs.google.com\/viewer?url=https%3A%2F%2Fgadprpijili.gob.ec%2Fazuay2%2Fwp-content%2Fuploads%2F2021%2F07%2Fpreguntas-cnsejo-d-eplanificacion-2020.pdf&hl=es&embedded=true\" class=\"gde-frame\" style=\"width:100%; height:500px; border: none;\" scrolling=\"no\"><\/iframe>\n<p class=\"gde-text\"><a href=\"https:\/\/gadprpijili.gob.ec\/azuay2\/wp-content\/uploads\/2021\/07\/preguntas-cnsejo-d-eplanificacion-2020.pdf\" class=\"gde-link\">Descargar (PDF, 216KB)<\/a><\/p>\n<p>&nbsp;<\/p>\n[\/vc_wp_text][\/vc_accordion_tab][vc_accordion_tab title=&#8221;Fase 2&#8243;][vc_wp_text]\n<h3>FASE 2: Evaluaci\u00f3n de la gesti\u00f3n y elaboraci\u00f3n del informe institucional<\/h3>\n<ul>\n<li>\n<h3>Evaluaci\u00f3n de la gesti\u00f3n y entrega de respuestas<\/h3>\n<\/li>\n<\/ul>\n<iframe src=\"\/\/docs.google.com\/viewer?url=https%3A%2F%2Fgadprpijili.gob.ec%2Fazuay2%2Fwp-content%2Fuploads%2F2021%2F07%2Frespuestas-preguntas-cpc.pdf&hl=es&embedded=true\" class=\"gde-frame\" style=\"width:100%; height:500px; border: none;\" scrolling=\"no\"><\/iframe>\n<p class=\"gde-text\"><a href=\"https:\/\/gadprpijili.gob.ec\/azuay2\/wp-content\/uploads\/2021\/07\/respuestas-preguntas-cpc.pdf\" class=\"gde-link\">Descargar (PDF, 191KB)<\/a><\/p>\n<ul>\n<li>\n<h3>Elaboraci\u00f3n Informe preliminar de rendici\u00f3n de cuentas<\/h3>\n<\/li>\n<\/ul>\n<iframe src=\"\/\/docs.google.com\/viewer?url=https%3A%2F%2Fgadprpijili.gob.ec%2Fazuay2%2Fwp-content%2Fuploads%2F2021%2F07%2FGAD-2020-R-D-C.xlsx-karina-preliminar.xlsx&hl=es&embedded=true\" class=\"gde-frame\" style=\"width:100%; height:500px; border: none;\" scrolling=\"no\"><\/iframe>\n<p class=\"gde-text\"><a href=\"https:\/\/gadprpijili.gob.ec\/azuay2\/wp-content\/uploads\/2021\/07\/GAD-2020-R-D-C.xlsx-karina-preliminar.xlsx\" class=\"gde-link\">Descargar (XLSX, 41KB)<\/a><\/p>\n<ul>\n<li>\n<h3>Aprobaci\u00f3n del Informe de rendici\u00f3n de cuentas<\/h3>\n<\/li>\n<\/ul>\n<iframe src=\"\/\/docs.google.com\/viewer?url=https%3A%2F%2Fgadprpijili.gob.ec%2Fazuay2%2Fwp-content%2Fuploads%2F2021%2F07%2Faprobacion-de-informe.pdf&hl=es&embedded=true\" class=\"gde-frame\" style=\"width:100%; height:500px; border: none;\" scrolling=\"no\"><\/iframe>\n<p class=\"gde-text\"><a href=\"https:\/\/gadprpijili.gob.ec\/azuay2\/wp-content\/uploads\/2021\/07\/aprobacion-de-informe.pdf\" class=\"gde-link\">Descargar (PDF, 135KB)<\/a><\/p>\n<ul>\n<li>\n<h3>Envi\u00f3 del informe al CP<\/h3>\n<\/li>\n<\/ul>\n<iframe src=\"\/\/docs.google.com\/viewer?url=https%3A%2F%2Fgadprpijili.gob.ec%2Fazuay2%2Fwp-content%2Fuploads%2F2021%2F07%2FENVIO-DE-INFORME-A-LA-ASAMBLEA.pdf&hl=es&embedded=true\" class=\"gde-frame\" style=\"width:100%; height:500px; border: none;\" scrolling=\"no\"><\/iframe>\n<p class=\"gde-text\"><a href=\"https:\/\/gadprpijili.gob.ec\/azuay2\/wp-content\/uploads\/2021\/07\/ENVIO-DE-INFORME-A-LA-ASAMBLEA.pdf\" class=\"gde-link\">Descargar (PDF, 163KB)<\/a><\/p>\n[\/vc_wp_text][\/vc_accordion_tab][vc_accordion_tab title=&#8221;Fase 3&#8243;][vc_wp_text]\n<h3>FASE 3: Deliberaci\u00f3n publica y evaluaci\u00f3n ciudadana del informe institucional<\/h3>\n<ul>\n<li>\n<h3>Evaluaci\u00f3n ciudadana al informe de rendici\u00f3n de cuentas<\/h3>\n<\/li>\n<\/ul>\n<iframe src=\"\/\/docs.google.com\/viewer?url=https%3A%2F%2Fgadprpijili.gob.ec%2Fazuay2%2Fwp-content%2Fuploads%2F2021%2F07%2FGAD-2020-R-D-C-1.xlsx-karina-1.xlsx&hl=es&embedded=true\" class=\"gde-frame\" style=\"width:100%; height:500px; border: none;\" scrolling=\"no\"><\/iframe>\n<p class=\"gde-text\"><a href=\"https:\/\/gadprpijili.gob.ec\/azuay2\/wp-content\/uploads\/2021\/07\/GAD-2020-R-D-C-1.xlsx-karina-1.xlsx\" class=\"gde-link\">Descargar (XLSX, 44KB)<\/a><\/p>\n<ul>\n<li>\n<h3>Seguimiento al proceso de convocatoria a la deliberaci\u00f3n p\u00fablica<\/h3>\n<\/li>\n<\/ul>\n<iframe src=\"\/\/docs.google.com\/viewer?url=https%3A%2F%2Fgadprpijili.gob.ec%2Fazuay2%2Fwp-content%2Fuploads%2F2021%2F07%2FRECIBIDO-LA-CONVOCATORIA-REUNION-PARROQUIAL-20-DE-JUNIO-2021.pdf&hl=es&embedded=true\" class=\"gde-frame\" style=\"width:100%; height:500px; border: none;\" scrolling=\"no\"><\/iframe>\n<p class=\"gde-text\"><a href=\"https:\/\/gadprpijili.gob.ec\/azuay2\/wp-content\/uploads\/2021\/07\/RECIBIDO-LA-CONVOCATORIA-REUNION-PARROQUIAL-20-DE-JUNIO-2021.pdf\" class=\"gde-link\">Descargar (PDF, 1.59MB)<\/a><\/p>\n<ul>\n<li>\n<h3>Rendici\u00f3n de cuentas<\/h3>\n<\/li>\n<\/ul>\n<iframe src=\"\/\/docs.google.com\/viewer?url=https%3A%2F%2Fgadprpijili.gob.ec%2Fazuay2%2Fwp-content%2Fuploads%2F2021%2F07%2FRENDICION-DE-CUENTAS-2020-21_compressed_compressed-comprimido-1-90.pdf&hl=es&embedded=true\" class=\"gde-frame\" style=\"width:100%; height:500px; border: none;\" scrolling=\"no\"><\/iframe>\n<p class=\"gde-text\"><a href=\"https:\/\/gadprpijili.gob.ec\/azuay2\/wp-content\/uploads\/2021\/07\/RENDICION-DE-CUENTAS-2020-21_compressed_compressed-comprimido-1-90.pdf\" class=\"gde-link\">Descargar (PDF, 7.26MB)<\/a><\/p>\n<iframe src=\"\/\/docs.google.com\/viewer?url=https%3A%2F%2Fgadprpijili.gob.ec%2Fazuay2%2Fwp-content%2Fuploads%2F2021%2F07%2FRENDICION-DE-CUENTAS-2020-21_compressed_compressed-comprimido-91-189.pdf&hl=es&embedded=true\" class=\"gde-frame\" style=\"width:100%; height:500px; border: none;\" scrolling=\"no\"><\/iframe>\n<p class=\"gde-text\"><a href=\"https:\/\/gadprpijili.gob.ec\/azuay2\/wp-content\/uploads\/2021\/07\/RENDICION-DE-CUENTAS-2020-21_compressed_compressed-comprimido-91-189.pdf\" class=\"gde-link\">Descargar (PDF, 8.94MB)<\/a><\/p>\n<iframe src=\"\/\/docs.google.com\/viewer?url=https%3A%2F%2Fgadprpijili.gob.ec%2Fazuay2%2Fwp-content%2Fuploads%2F2021%2F07%2FASISTENCIA-REUNION-PARROQUIAL-RENDICION-DE-CUENTAS-2020.pdf&hl=es&embedded=true\" class=\"gde-frame\" style=\"width:100%; height:500px; border: none;\" scrolling=\"no\"><\/iframe>\n<p class=\"gde-text\"><a href=\"https:\/\/gadprpijili.gob.ec\/azuay2\/wp-content\/uploads\/2021\/07\/ASISTENCIA-REUNION-PARROQUIAL-RENDICION-DE-CUENTAS-2020.pdf\" class=\"gde-link\">Descargar (PDF, 535KB)<\/a><\/p>\n<ul>\n<li>\n<h3>Participaci\u00f3n en la deliberaci\u00f3n p\u00fablica<\/h3>\n<\/li>\n<\/ul>\n<iframe src=\"\/\/docs.google.com\/viewer?url=https%3A%2F%2Fgadprpijili.gob.ec%2Fazuay2%2Fwp-content%2Fuploads%2F2021%2F07%2FDATOS-DE-REUNION-PARROQUIAL.pdf&hl=es&embedded=true\" class=\"gde-frame\" style=\"width:100%; height:500px; border: none;\" scrolling=\"no\"><\/iframe>\n<p class=\"gde-text\"><a href=\"https:\/\/gadprpijili.gob.ec\/azuay2\/wp-content\/uploads\/2021\/07\/DATOS-DE-REUNION-PARROQUIAL.pdf\" class=\"gde-link\">Descargar (PDF, 155KB)<\/a><\/p>\n<ul>\n<li>\n<h3>Mesas de Trabajo<\/h3>\n<\/li>\n<\/ul>\n<iframe src=\"\/\/docs.google.com\/viewer?url=https%3A%2F%2Fgadprpijili.gob.ec%2Fazuay2%2Fwp-content%2Fuploads%2F2021%2F07%2FSUGRENCIAS-Y-PETICIONES.pdf&hl=es&embedded=true\" class=\"gde-frame\" style=\"width:100%; height:500px; border: none;\" scrolling=\"no\"><\/iframe>\n<p class=\"gde-text\"><a href=\"https:\/\/gadprpijili.gob.ec\/azuay2\/wp-content\/uploads\/2021\/07\/SUGRENCIAS-Y-PETICIONES.pdf\" class=\"gde-link\">Descargar (PDF, 532KB)<\/a><\/p>\n[\/vc_wp_text][\/vc_accordion_tab][vc_accordion_tab title=&#8221;Fase 4&#8243;][vc_wp_text]\n<h3>FASE 4:<\/h3>\n<ul>\n<li>\n<h3>Incorporaci\u00f3n de la opini\u00f3n ciudadana, retro Alimentaci\u00f3n y seguimiento<\/h3>\n<\/li>\n<\/ul>\n<p>&nbsp;<\/p>\n<iframe src=\"\/\/docs.google.com\/viewer?url=https%3A%2F%2Fgadprpijili.gob.ec%2Fazuay2%2Fwp-content%2Fuploads%2F2021%2F07%2FGAD-2020-R-D-C.xlsx-karina.xlsx&hl=es&embedded=true\" class=\"gde-frame\" style=\"width:100%; height:500px; border: none;\" scrolling=\"no\"><\/iframe>\n<p class=\"gde-text\"><a href=\"https:\/\/gadprpijili.gob.ec\/azuay2\/wp-content\/uploads\/2021\/07\/GAD-2020-R-D-C.xlsx-karina.xlsx\" class=\"gde-link\">Descargar (XLSX, 44KB)<\/a><\/p>\n[\/vc_wp_text][\/vc_accordion_tab][\/vc_accordion][vc_column_text][\/vc_column_text][\/vc_column][\/vc_row]\n","protected":false},"excerpt":{"rendered":"<p>FASES [vc_row][vc_column][vc_accordion collapsible=&#8221;&#8221; disable_keyboard=&#8221;&#8221;][vc_accordion_tab title=&#8221;FASES DE LA RENDICION DE CUENTAS&#8221;][vc_wp_text] [\/vc_wp_text][\/vc_accordion_tab][vc_accordion_tab title=&#8221;Fase 1&#8243;][vc_wp_text] FASE 1: Planificaci\u00f3n y facilitaci\u00f3n del proceso [&hellip;]<\/p>\n","protected":false},"author":8,"featured_media":0,"parent":0,"menu_order":0,"comment_status":"closed","ping_status":"closed","template":"","meta":{"site-sidebar-layout":"default","site-content-layout":"","ast-site-content-layout":"default","site-content-style":"default","site-sidebar-style":"default","ast-global-header-display":"","ast-banner-title-visibility":"","ast-main-header-display":"","ast-hfb-above-header-display":"","ast-hfb-below-header-display":"","ast-hfb-mobile-header-display":"","site-post-title":"","ast-breadcrumbs-content":"","ast-featured-img":"","footer-sml-layout":"","theme-transparent-header-meta":"","adv-header-id-meta":"","stick-header-meta":"","header-above-stick-meta":"","header-main-stick-meta":"","header-below-stick-meta":"","astra-migrate-meta-layouts":"default","ast-page-background-enabled":"default","ast-page-background-meta":{"desktop":{"background-color":"var(--ast-global-color-4)","background-image":"","background-repeat":"repeat","background-position":"center center","background-size":"auto","background-attachment":"scroll","background-type":"","background-media":"","overlay-type":"","overlay-color":"","overlay-opacity":"","overlay-gradient":""},"tablet":{"background-color":"","background-image":"","background-repeat":"repeat","background-position":"center center","background-size":"auto","background-attachment":"scroll","background-type":"","background-media":"","overlay-type":"","overlay-color":"","overlay-opacity":"","overlay-gradient":""},"mobile":{"background-color":"","background-image":"","background-repeat":"repeat","background-position":"center center","background-size":"auto","background-attachment":"scroll","background-type":"","background-media":"","overlay-type":"","overlay-color":"","overlay-opacity":"","overlay-gradient":""}},"ast-content-background-meta":{"desktop":{"background-color":"var(--ast-global-color-5)","background-image":"","background-repeat":"repeat","background-position":"center center","background-size":"auto","background-attachment":"scroll","background-type":"","background-media":"","overlay-type":"","overlay-color":"","overlay-opacity":"","overlay-gradient":""},"tablet":{"background-color":"var(--ast-global-color-5)","background-image":"","background-repeat":"repeat","background-position":"center center","background-size":"auto","background-attachment":"scroll","background-type":"","background-media":"","overlay-type":"","overlay-color":"","overlay-opacity":"","overlay-gradient":""},"mobile":{"background-color":"var(--ast-global-color-5)","background-image":"","background-repeat":"repeat","background-position":"center center","background-size":"auto","background-attachment":"scroll","background-type":"","background-media":"","overlay-type":"","overlay-color":"","overlay-opacity":"","overlay-gradient":""}},"footnotes":""},"class_list":["post-2582","page","type-page","status-publish","hentry"],"yoast_head":"<!-- This site is optimized with the Yoast SEO plugin v25.9 - https:\/\/yoast.com\/wordpress\/plugins\/seo\/ -->\n<title>Rendici\u00f3n de Cuentas 2020 -<\/title>\n<meta name=\"robots\" content=\"index, follow, max-snippet:-1, max-image-preview:large, max-video-preview:-1\" \/>\n<link rel=\"canonical\" href=\"https:\/\/gadprpijili.gob.ec\/azuay2\/rendicion-de-cuentas-2020\/\" \/>\n<meta property=\"og:locale\" content=\"es_ES\" \/>\n<meta property=\"og:type\" content=\"article\" \/>\n<meta property=\"og:title\" content=\"Rendici\u00f3n de Cuentas 2020 -\" \/>\n<meta property=\"og:description\" content=\"FASES [vc_row][vc_column][vc_accordion collapsible=&#8221;&#8221; disable_keyboard=&#8221;&#8221;][vc_accordion_tab title=&#8221;FASES DE LA RENDICION DE CUENTAS&#8221;][vc_wp_text] [\/vc_wp_text][\/vc_accordion_tab][vc_accordion_tab title=&#8221;Fase 1&#8243;][vc_wp_text] FASE 1: Planificaci\u00f3n y facilitaci\u00f3n del proceso [&hellip;]\" \/>\n<meta property=\"og:url\" content=\"https:\/\/gadprpijili.gob.ec\/azuay2\/rendicion-de-cuentas-2020\/\" \/>\n<meta property=\"article:modified_time\" content=\"2021-07-30T21:24:16+00:00\" \/>\n<meta name=\"twitter:card\" content=\"summary_large_image\" \/>\n<meta name=\"twitter:label1\" content=\"Tiempo de lectura\" \/>\n\t<meta name=\"twitter:data1\" content=\"1 minuto\" \/>\n<script type=\"application\/ld+json\" class=\"yoast-schema-graph\">{\"@context\":\"https:\/\/schema.org\",\"@graph\":[{\"@type\":\"WebPage\",\"@id\":\"https:\/\/gadprpijili.gob.ec\/azuay2\/rendicion-de-cuentas-2020\/\",\"url\":\"https:\/\/gadprpijili.gob.ec\/azuay2\/rendicion-de-cuentas-2020\/\",\"name\":\"Rendici\u00f3n de Cuentas 2020 -\",\"isPartOf\":{\"@id\":\"https:\/\/gadprpijili.gob.ec\/azuay2\/#website\"},\"datePublished\":\"2020-01-20T01:01:53+00:00\",\"dateModified\":\"2021-07-30T21:24:16+00:00\",\"breadcrumb\":{\"@id\":\"https:\/\/gadprpijili.gob.ec\/azuay2\/rendicion-de-cuentas-2020\/#breadcrumb\"},\"inLanguage\":\"es\",\"potentialAction\":[{\"@type\":\"ReadAction\",\"target\":[\"https:\/\/gadprpijili.gob.ec\/azuay2\/rendicion-de-cuentas-2020\/\"]}]},{\"@type\":\"BreadcrumbList\",\"@id\":\"https:\/\/gadprpijili.gob.ec\/azuay2\/rendicion-de-cuentas-2020\/#breadcrumb\",\"itemListElement\":[{\"@type\":\"ListItem\",\"position\":1,\"name\":\"Home\",\"item\":\"https:\/\/gadprpijili.gob.ec\/azuay2\/\"},{\"@type\":\"ListItem\",\"position\":2,\"name\":\"Rendici\u00f3n de Cuentas 2020\"}]},{\"@type\":\"WebSite\",\"@id\":\"https:\/\/gadprpijili.gob.ec\/azuay2\/#website\",\"url\":\"https:\/\/gadprpijili.gob.ec\/azuay2\/\",\"name\":\"GAD Parroquial de Pijili\",\"description\":\"Sitio Oficial del GAD Parroquial de Pijili Azuay\",\"publisher\":{\"@id\":\"https:\/\/gadprpijili.gob.ec\/azuay2\/#organization\"},\"potentialAction\":[{\"@type\":\"SearchAction\",\"target\":{\"@type\":\"EntryPoint\",\"urlTemplate\":\"https:\/\/gadprpijili.gob.ec\/azuay2\/?s={search_term_string}\"},\"query-input\":{\"@type\":\"PropertyValueSpecification\",\"valueRequired\":true,\"valueName\":\"search_term_string\"}}],\"inLanguage\":\"es\"},{\"@type\":\"Organization\",\"@id\":\"https:\/\/gadprpijili.gob.ec\/azuay2\/#organization\",\"name\":\"GAD parroquial de Pijili\",\"url\":\"https:\/\/gadprpijili.gob.ec\/azuay2\/\",\"logo\":{\"@type\":\"ImageObject\",\"inLanguage\":\"es\",\"@id\":\"https:\/\/gadprpijili.gob.ec\/azuay2\/#\/schema\/logo\/image\/\",\"url\":\"https:\/\/gadprpijili.gob.ec\/azuay2\/wp-content\/uploads\/2020\/06\/logoFooter.png\",\"contentUrl\":\"https:\/\/gadprpijili.gob.ec\/azuay2\/wp-content\/uploads\/2020\/06\/logoFooter.png\",\"width\":200,\"height\":150,\"caption\":\"GAD parroquial de Pijili\"},\"image\":{\"@id\":\"https:\/\/gadprpijili.gob.ec\/azuay2\/#\/schema\/logo\/image\/\"}}]}<\/script>\n<!-- \/ Yoast SEO plugin. -->","yoast_head_json":{"title":"Rendici\u00f3n de Cuentas 2020 -","robots":{"index":"index","follow":"follow","max-snippet":"max-snippet:-1","max-image-preview":"max-image-preview:large","max-video-preview":"max-video-preview:-1"},"canonical":"https:\/\/gadprpijili.gob.ec\/azuay2\/rendicion-de-cuentas-2020\/","og_locale":"es_ES","og_type":"article","og_title":"Rendici\u00f3n de Cuentas 2020 -","og_description":"FASES [vc_row][vc_column][vc_accordion collapsible=&#8221;&#8221; disable_keyboard=&#8221;&#8221;][vc_accordion_tab title=&#8221;FASES DE LA RENDICION DE CUENTAS&#8221;][vc_wp_text] [\/vc_wp_text][\/vc_accordion_tab][vc_accordion_tab title=&#8221;Fase 1&#8243;][vc_wp_text] FASE 1: Planificaci\u00f3n y facilitaci\u00f3n del proceso [&hellip;]","og_url":"https:\/\/gadprpijili.gob.ec\/azuay2\/rendicion-de-cuentas-2020\/","article_modified_time":"2021-07-30T21:24:16+00:00","twitter_card":"summary_large_image","twitter_misc":{"Tiempo de lectura":"1 minuto"},"schema":{"@context":"https:\/\/schema.org","@graph":[{"@type":"WebPage","@id":"https:\/\/gadprpijili.gob.ec\/azuay2\/rendicion-de-cuentas-2020\/","url":"https:\/\/gadprpijili.gob.ec\/azuay2\/rendicion-de-cuentas-2020\/","name":"Rendici\u00f3n de Cuentas 2020 -","isPartOf":{"@id":"https:\/\/gadprpijili.gob.ec\/azuay2\/#website"},"datePublished":"2020-01-20T01:01:53+00:00","dateModified":"2021-07-30T21:24:16+00:00","breadcrumb":{"@id":"https:\/\/gadprpijili.gob.ec\/azuay2\/rendicion-de-cuentas-2020\/#breadcrumb"},"inLanguage":"es","potentialAction":[{"@type":"ReadAction","target":["https:\/\/gadprpijili.gob.ec\/azuay2\/rendicion-de-cuentas-2020\/"]}]},{"@type":"BreadcrumbList","@id":"https:\/\/gadprpijili.gob.ec\/azuay2\/rendicion-de-cuentas-2020\/#breadcrumb","itemListElement":[{"@type":"ListItem","position":1,"name":"Home","item":"https:\/\/gadprpijili.gob.ec\/azuay2\/"},{"@type":"ListItem","position":2,"name":"Rendici\u00f3n de Cuentas 2020"}]},{"@type":"WebSite","@id":"https:\/\/gadprpijili.gob.ec\/azuay2\/#website","url":"https:\/\/gadprpijili.gob.ec\/azuay2\/","name":"GAD Parroquial de Pijili","description":"Sitio Oficial del GAD Parroquial de Pijili Azuay","publisher":{"@id":"https:\/\/gadprpijili.gob.ec\/azuay2\/#organization"},"potentialAction":[{"@type":"SearchAction","target":{"@type":"EntryPoint","urlTemplate":"https:\/\/gadprpijili.gob.ec\/azuay2\/?s={search_term_string}"},"query-input":{"@type":"PropertyValueSpecification","valueRequired":true,"valueName":"search_term_string"}}],"inLanguage":"es"},{"@type":"Organization","@id":"https:\/\/gadprpijili.gob.ec\/azuay2\/#organization","name":"GAD parroquial de Pijili","url":"https:\/\/gadprpijili.gob.ec\/azuay2\/","logo":{"@type":"ImageObject","inLanguage":"es","@id":"https:\/\/gadprpijili.gob.ec\/azuay2\/#\/schema\/logo\/image\/","url":"https:\/\/gadprpijili.gob.ec\/azuay2\/wp-content\/uploads\/2020\/06\/logoFooter.png","contentUrl":"https:\/\/gadprpijili.gob.ec\/azuay2\/wp-content\/uploads\/2020\/06\/logoFooter.png","width":200,"height":150,"caption":"GAD parroquial de Pijili"},"image":{"@id":"https:\/\/gadprpijili.gob.ec\/azuay2\/#\/schema\/logo\/image\/"}}]}},"_links":{"self":[{"href":"https:\/\/gadprpijili.gob.ec\/azuay2\/wp-json\/wp\/v2\/pages\/2582","targetHints":{"allow":["GET"]}}],"collection":[{"href":"https:\/\/gadprpijili.gob.ec\/azuay2\/wp-json\/wp\/v2\/pages"}],"about":[{"href":"https:\/\/gadprpijili.gob.ec\/azuay2\/wp-json\/wp\/v2\/types\/page"}],"author":[{"embeddable":true,"href":"https:\/\/gadprpijili.gob.ec\/azuay2\/wp-json\/wp\/v2\/users\/8"}],"replies":[{"embeddable":true,"href":"https:\/\/gadprpijili.gob.ec\/azuay2\/wp-json\/wp\/v2\/comments?post=2582"}],"version-history":[{"count":17,"href":"https:\/\/gadprpijili.gob.ec\/azuay2\/wp-json\/wp\/v2\/pages\/2582\/revisions"}],"predecessor-version":[{"id":4023,"href":"https:\/\/gadprpijili.gob.ec\/azuay2\/wp-json\/wp\/v2\/pages\/2582\/revisions\/4023"}],"wp:attachment":[{"href":"https:\/\/gadprpijili.gob.ec\/azuay2\/wp-json\/wp\/v2\/media?parent=2582"}],"curies":[{"name":"wp","href":"https:\/\/api.w.org\/{rel}","templated":true}]}}